{"id":1050,"date":"2025-05-03T11:26:21","date_gmt":"2025-05-03T09:26:21","guid":{"rendered":"https:\/\/unser-hundegarten.de\/?page_id=1050"},"modified":"2025-05-03T11:35:08","modified_gmt":"2025-05-03T09:35:08","slug":"buchungsverfahren-exclusiv-zeiten","status":"publish","type":"page","link":"https:\/\/unser-hundegarten.de\/?page_id=1050","title":{"rendered":"Buchungsverfahren Exclusiv &#8211; Zeiten"},"content":{"rendered":"\n<p>Buchungsverfahren f\u00fcr die Exclusiv-Zeiten in unseren Hundeg\u00e4rten<\/p>\n\n\n\n<p>Ab 01.05.2025 gelten die nachstehenden Regelungen<\/p>\n\n\n\n<p>Die Exclusivzeiten dienen ausschlie\u00dflich der Nutzung durch Mensch-Hund-Teams, die ohne<br>diese Zeiten keine Chance zur Nutzung h\u00e4tten.<\/p>\n\n\n\n<p>Buchungen k\u00f6nnen daher nur Mitglieder vornehmen, die ein berechtigtes Interesse an der<br>Nutzung der Zeiten haben. Dieses Interesse besteht dann, wenn der\/die Hund\/e aus<br>individuellen Gr\u00fcnden nicht in der Verfassung sind, die \u00f6ffentlichen Zeiten im Hundegarten<br>zu nutzen.<\/p>\n\n\n\n<p>Darunter fallen nicht die Hunde, die in den \u00f6ffentlichen Zeiten nur mit bestimmten Hunden<br>nicht kompatibel sind. Diesen tempor\u00e4ren Unvertr\u00e4glichkeiten k\u00f6nnen die Hundehalter<br>durch Absprachen oder auch Sicherungsma\u00dfnahmen, wie z.B. die Nutzung eines Maulkorbes<br>ausreichend Rechnung tragen.<\/p>\n\n\n\n<p>Die Anzahl der Hunde aus einem Haushalt ist nicht beschr\u00e4nkt. Die Anzahl der Hunde, die als<br>Spiel- und Trainingspartner in die gebuchte Zeit mitgenommen werden k\u00f6nnen, wird auf<br>maximal drei Hunde begrenzt.<\/p>\n\n\n\n<p>Das berechtigte Interesse wird im Mitgliederportal eingestellt und vom Vorstand nach<br>Pr\u00fcfung freigegeben.<\/p>\n\n\n\n<p>Die Buchungen erfolgen online \u00fcber das Mitgliederportal. Es sind zwei Buchungen im Monat<br>zul\u00e4ssig, jeweils eine Buchung pro halben Monat.<\/p>\n\n\n\n<p>Der Kalender wird jeweils f\u00fcr einen Monat freigeschaltet.<\/p>\n\n\n\n<p>Die Buchungszeit endet f\u00fcr den laufenden Tag um 00.01 Uhr. Danach ist das buchen f\u00fcr den<br>Tag nicht mehr m\u00f6glich und die Zeit steht zur allgemeinen Nutzung frei.<\/p>\n","protected":false},"excerpt":{"rendered":"<p>Buchungsverfahren f\u00fcr die Exclusiv-Zeiten in unseren Hundeg\u00e4rten Ab 01.05.2025 gelten die nachstehenden Regelungen Die Exclusivzeiten dienen ausschlie\u00dflich der Nutzung durch Mensch-Hund-Teams, die ohnediese Zeiten keine Chance zur Nutzung h\u00e4tten. Buchungen k\u00f6nnen daher nur Mitglieder vornehmen, die ein berechtigtes Interesse an derNutzung der Zeiten haben. Dieses Interesse besteht dann, wenn der\/die Hund\/e ausindividuellen Gr\u00fcnden nicht in [&hellip;]<\/p>\n","protected":false},"author":4,"featured_media":0,"parent":0,"menu_order":0,"comment_status":"closed","ping_status":"closed","template":"","meta":{"footnotes":""},"class_list":["post-1050","page","type-page","status-publish","hentry"],"_links":{"self":[{"href":"https:\/\/unser-hundegarten.de\/index.php?rest_route=\/wp\/v2\/pages\/1050","targetHints":{"allow":["GET"]}}],"collection":[{"href":"https:\/\/unser-hundegarten.de\/index.php?rest_route=\/wp\/v2\/pages"}],"about":[{"href":"https:\/\/unser-hundegarten.de\/index.php?rest_route=\/wp\/v2\/types\/page"}],"author":[{"embeddable":true,"href":"https:\/\/unser-hundegarten.de\/index.php?rest_route=\/wp\/v2\/users\/4"}],"replies":[{"embeddable":true,"href":"https:\/\/unser-hundegarten.de\/index.php?rest_route=%2Fwp%2Fv2%2Fcomments&post=1050"}],"version-history":[{"count":2,"href":"https:\/\/unser-hundegarten.de\/index.php?rest_route=\/wp\/v2\/pages\/1050\/revisions"}],"predecessor-version":[{"id":1058,"href":"https:\/\/unser-hundegarten.de\/index.php?rest_route=\/wp\/v2\/pages\/1050\/revisions\/1058"}],"wp:attachment":[{"href":"https:\/\/unser-hundegarten.de\/index.php?rest_route=%2Fwp%2Fv2%2Fmedia&parent=1050"}],"curies":[{"name":"wp","href":"https:\/\/api.w.org\/{rel}","templated":true}]}}