{"id":13,"date":"2024-05-08T12:50:38","date_gmt":"2024-05-08T12:50:38","guid":{"rendered":"https:\/\/hundegarten.laserprojects.de\/?page_id=13"},"modified":"2025-08-09T09:14:56","modified_gmt":"2025-08-09T07:14:56","slug":"impressum","status":"publish","type":"page","link":"https:\/\/unser-hundegarten.de\/?page_id=13","title":{"rendered":"Impressum"},"content":{"rendered":"\n<p><strong>Betreiber:<br>Unser Hundegarten e.V.<\/strong><\/p>\n\n\n\n<p>Vertreten durch die Vorstandsmitglieder<br>Vorsitzende: Ursula Aust<br>stellvertretende Vorsitzende: Beate Hahn-Heinrichs<br>Kassenf\u00fchrung: Susanne Becker<\/p>\n\n\n\n<hr class=\"wp-block-separator has-alpha-channel-opacity\"\/>\n\n\n\n<p><strong>Steinkuhle 8<\/strong><br><strong>D-58730 Fr\u00f6ndenberg<\/strong>  (B\u00fcroanschrift kein Hundegarten)<\/p>\n\n\n\n<p>E-Mail: <a href=\"mailto:info@unser-hundegarten.de\" target=\"_blank\" rel=\"noreferrer noopener\">info@unser-hundegarten.de<\/a><br>Internet: www.unser-hundegarten.de<\/p>\n\n\n\n<p><strong>Telefon: 0172 2822943<\/strong><\/p>\n\n\n\n<hr class=\"wp-block-separator has-alpha-channel-opacity\"\/>\n\n\n\n<p><strong>Bankverbindung:<\/strong><\/p>\n\n\n\n<p>Unnaer Volksbank eG<\/p>\n\n\n\n<p>Iban: DE19 4416 0014 6624 4411 00<\/p>\n\n\n\n<p>Kontoinhaber: Unser Hundegarten e.V.<\/p>\n\n\n\n<p><strong>Zahlung per Paypal geht an:<br><\/strong>Buchhaltung@unser-hundegarten.de<\/p>\n\n\n\n<hr class=\"wp-block-separator has-alpha-channel-opacity\"\/>\n\n\n\n<p><strong>Inhaltlich Verantwortlicher gem\u00e4\u00df \u00a7 10 Absatz 3 MDStV<\/strong>:<\/p>\n\n\n\n<p>Ursula Aust <\/p>\n\n\n\n<p>Haftungshinweis: Trotz sorgf\u00e4ltiger inhaltlicher Kontrolle \u00fcbernimmt der Verein keine Haftung f\u00fcr die Inhalte externer Links. F\u00fcr den Inhalt der verlinkten Seiten sind ausschlie\u00dflich deren Betreiber verantwortlich.<\/p>\n\n\n\n<hr class=\"wp-block-separator has-alpha-channel-opacity\"\/>\n\n\n\n<p><strong>Urheberrecht<br><\/strong><br>Alle auf dieser Website ver\u00f6ffentlichten Texte, Fotos, Design\/Gestaltung und sonstigen Inhalte sind urheberrechtlich gesch\u00fctzt. Einige Fotos und Texte unterliegen dem Copyright Dritter. Kopieren, Vervielf\u00e4ltigen, Ver\u00e4ndern, Speichern oder Verwenden von Ausz\u00fcgen und Teilen dieser Seite bedarf der vorherigen schriftlichen Zustimmung.<\/p>\n\n\n\n<p>Fotokopien und Downloads von Web-Seiten d\u00fcrfen nur f\u00fcr den pers\u00f6nlichen, privaten und nicht kommerziellen Gebrauch hergestellt werden<\/p>\n","protected":false},"excerpt":{"rendered":"<p>Betreiber:Unser Hundegarten e.V. Vertreten durch die VorstandsmitgliederVorsitzende: Ursula Auststellvertretende Vorsitzende: Beate Hahn-HeinrichsKassenf\u00fchrung: Susanne Becker Steinkuhle 8D-58730 Fr\u00f6ndenberg (B\u00fcroanschrift kein Hundegarten) E-Mail: info@unser-hundegarten.deInternet: www.unser-hundegarten.de Telefon: 0172 2822943 Bankverbindung: Unnaer Volksbank eG Iban: DE19 4416 0014 6624 4411 00 Kontoinhaber: Unser Hundegarten e.V. Zahlung per Paypal geht an:Buchhaltung@unser-hundegarten.de Inhaltlich Verantwortlicher gem\u00e4\u00df \u00a7 10 Absatz 3 MDStV: Ursula [&hellip;]<\/p>\n","protected":false},"author":4,"featured_media":0,"parent":0,"menu_order":100,"comment_status":"closed","ping_status":"closed","template":"","meta":{"footnotes":""},"class_list":["post-13","page","type-page","status-publish","hentry"],"_links":{"self":[{"href":"https:\/\/unser-hundegarten.de\/index.php?rest_route=\/wp\/v2\/pages\/13","targetHints":{"allow":["GET"]}}],"collection":[{"href":"https:\/\/unser-hundegarten.de\/index.php?rest_route=\/wp\/v2\/pages"}],"about":[{"href":"https:\/\/unser-hundegarten.de\/index.php?rest_route=\/wp\/v2\/types\/page"}],"author":[{"embeddable":true,"href":"https:\/\/unser-hundegarten.de\/index.php?rest_route=\/wp\/v2\/users\/4"}],"replies":[{"embeddable":true,"href":"https:\/\/unser-hundegarten.de\/index.php?rest_route=%2Fwp%2Fv2%2Fcomments&post=13"}],"version-history":[{"count":4,"href":"https:\/\/unser-hundegarten.de\/index.php?rest_route=\/wp\/v2\/pages\/13\/revisions"}],"predecessor-version":[{"id":1062,"href":"https:\/\/unser-hundegarten.de\/index.php?rest_route=\/wp\/v2\/pages\/13\/revisions\/1062"}],"wp:attachment":[{"href":"https:\/\/unser-hundegarten.de\/index.php?rest_route=%2Fwp%2Fv2%2Fmedia&parent=13"}],"curies":[{"name":"wp","href":"https:\/\/api.w.org\/{rel}","templated":true}]}}