{"id":19,"date":"2024-05-08T12:55:26","date_gmt":"2024-05-08T12:55:26","guid":{"rendered":"https:\/\/hundegarten.laserprojects.de\/?page_id=19"},"modified":"2024-10-10T15:30:07","modified_gmt":"2024-10-10T13:30:07","slug":"wann-geht-es-rein","status":"publish","type":"page","link":"https:\/\/unser-hundegarten.de\/?page_id=19","title":{"rendered":"Wann geht es rein?"},"content":{"rendered":"\n<p>Unsere Hundeg\u00e4rten sind f\u00fcr alle sozialvertr\u00e4glichen Hunde und ihre Menschen jederzeit zug\u00e4nglich.<\/p>\n\n\n\n<p>Um aber f\u00fcr bestimmte Hundegruppen jeweils einen besonders gesch\u00fctzten Raum anbieten zu k\u00f6nnen, haben wir einen Belegungsplan entwickelt, und darin Sonderzeiten definiert.<\/p>\n\n\n\n<p>Wir bieten damit f\u00fcr Welpen, Junghunde, kleine Hunde und f\u00fcr \u00e4ltere sowie \u00e4ngstliche Hunde diese Sonderzeiten an. <\/p>\n\n\n\n<p>Die geltenden Sonderzeitenpl\u00e4ne h\u00e4ngen an den Eing\u00e4ngen unserer Hundeg\u00e4rten. Hier nachstehend finden sich die Pl\u00e4ne ebenfalls. Der obere gilt in Holzwickede, der untere gilt f\u00fcr Fr\u00f6ndenberg.<\/p>\n\n\n\n<p>F\u00fcr beide G\u00e4rten gilt, die buchbare &#8222;Exclusivzeit&#8220; liegt in den Wintermonaten von Oktober bis M\u00e4rz in der Mittagszeit von 13:30 &#8211; 14:15 Uhr.<\/p>\n\n\n\n<div data-wp-interactive=\"core\/file\" class=\"wp-block-file\"><object data-wp-bind--hidden=\"!state.hasPdfPreview\" hidden class=\"wp-block-file__embed\" data=\"https:\/\/unser-hundegarten.de\/wp-content\/uploads\/2024\/10\/Belegungsplan.pdf\" type=\"application\/pdf\" style=\"width:100%;height:600px\" aria-label=\"Einbettung von Belegungsplan.\"><\/object><a id=\"wp-block-file--media-5a963778-7b13-4ca6-8ebe-f41a91449d92\" href=\"https:\/\/unser-hundegarten.de\/wp-content\/uploads\/2024\/10\/Belegungsplan.pdf\">Belegungsplan<\/a><a href=\"https:\/\/unser-hundegarten.de\/wp-content\/uploads\/2024\/10\/Belegungsplan.pdf\" class=\"wp-block-file__button wp-element-button\" download aria-describedby=\"wp-block-file--media-5a963778-7b13-4ca6-8ebe-f41a91449d92\">Herunterladen<\/a><\/div>\n\n\n\n<div data-wp-interactive=\"core\/file\" class=\"wp-block-file\"><object data-wp-bind--hidden=\"!state.hasPdfPreview\" hidden class=\"wp-block-file__embed\" data=\"https:\/\/unser-hundegarten.de\/wp-content\/uploads\/2024\/10\/Belegungsplan-froendenberg.pdf\" type=\"application\/pdf\" style=\"width:100%;height:600px\" aria-label=\"Einbettung von Belegungsplan-fr\u00f6ndenberg.\"><\/object><a id=\"wp-block-file--media-3c4e74da-70a9-4b49-be62-7aded6727fa7\" href=\"https:\/\/unser-hundegarten.de\/wp-content\/uploads\/2024\/10\/Belegungsplan-froendenberg.pdf\">Belegungsplan-fr\u00f6ndenberg<\/a><a href=\"https:\/\/unser-hundegarten.de\/wp-content\/uploads\/2024\/10\/Belegungsplan-froendenberg.pdf\" class=\"wp-block-file__button wp-element-button\" download aria-describedby=\"wp-block-file--media-3c4e74da-70a9-4b49-be62-7aded6727fa7\">Herunterladen<\/a><\/div>\n","protected":false},"excerpt":{"rendered":"<p>Unsere Hundeg\u00e4rten sind f\u00fcr alle sozialvertr\u00e4glichen Hunde und ihre Menschen jederzeit zug\u00e4nglich. Um aber f\u00fcr bestimmte Hundegruppen jeweils einen besonders gesch\u00fctzten Raum anbieten zu k\u00f6nnen, haben wir einen Belegungsplan entwickelt, und darin Sonderzeiten definiert. Wir bieten damit f\u00fcr Welpen, Junghunde, kleine Hunde und f\u00fcr \u00e4ltere sowie \u00e4ngstliche Hunde diese Sonderzeiten an. Die geltenden Sonderzeitenpl\u00e4ne h\u00e4ngen [&hellip;]<\/p>\n","protected":false},"author":1,"featured_media":0,"parent":35,"menu_order":0,"comment_status":"closed","ping_status":"closed","template":"","meta":{"footnotes":""},"class_list":["post-19","page","type-page","status-publish","hentry"],"_links":{"self":[{"href":"https:\/\/unser-hundegarten.de\/index.php?rest_route=\/wp\/v2\/pages\/19","targetHints":{"allow":["GET"]}}],"collection":[{"href":"https:\/\/unser-hundegarten.de\/index.php?rest_route=\/wp\/v2\/pages"}],"about":[{"href":"https:\/\/unser-hundegarten.de\/index.php?rest_route=\/wp\/v2\/types\/page"}],"author":[{"embeddable":true,"href":"https:\/\/unser-hundegarten.de\/index.php?rest_route=\/wp\/v2\/users\/1"}],"replies":[{"embeddable":true,"href":"https:\/\/unser-hundegarten.de\/index.php?rest_route=%2Fwp%2Fv2%2Fcomments&post=19"}],"version-history":[{"count":3,"href":"https:\/\/unser-hundegarten.de\/index.php?rest_route=\/wp\/v2\/pages\/19\/revisions"}],"predecessor-version":[{"id":266,"href":"https:\/\/unser-hundegarten.de\/index.php?rest_route=\/wp\/v2\/pages\/19\/revisions\/266"}],"up":[{"embeddable":true,"href":"https:\/\/unser-hundegarten.de\/index.php?rest_route=\/wp\/v2\/pages\/35"}],"wp:attachment":[{"href":"https:\/\/unser-hundegarten.de\/index.php?rest_route=%2Fwp%2Fv2%2Fmedia&parent=19"}],"curies":[{"name":"wp","href":"https:\/\/api.w.org\/{rel}","templated":true}]}}