{"id":21,"date":"2024-05-08T12:56:00","date_gmt":"2024-05-08T12:56:00","guid":{"rendered":"https:\/\/hundegarten.laserprojects.de\/?page_id=21"},"modified":"2024-10-02T23:45:59","modified_gmt":"2024-10-02T21:45:59","slug":"was-ist-zu-beachten","status":"publish","type":"page","link":"https:\/\/unser-hundegarten.de\/?page_id=21","title":{"rendered":"Was ist zu beachten?"},"content":{"rendered":"\n<p>Wir verfolgen alle die gleichen Ziele und Interessen.<\/p>\n\n\n\n<p>Ein freundlicher Umgang wird daher nicht nur von unseren Vierbeinern sondern auch von allen Zweibeinern vorausgesetzt. Die gilt sowohl im pers\u00f6nlichen Umgang miteinander, als auch bei der Nutzung unserer elektronischen Medien (G\u00e4stebuch, Facebook-Gruppe).<\/p>\n\n\n\n<p>Bei ernsthaften Unstimmigkeiten sollte der Vorstand informiert werden.<\/p>\n\n\n\n<p>In den Hundeg\u00e4rten gilt unsere <\/p>\n\n\n\n<p class=\"has-x-large-font-size\">Platzordnung<\/p>\n\n\n\n<p><strong>Regel 1<\/strong><\/p>\n\n\n\n<p>Unser Garten \u2013 Unsere Regeln.<br>Wer die Fl\u00e4che nutzen will, muss sich daran halten.<\/p>\n\n\n\n<p>Ohne Regeln geht es nicht. Denn je mehr Hunde und Halter unsere Freilauffl\u00e4chen nutzen wollen, desto wichtiger sind gemeinsame Grundregeln.<\/p>\n\n\n\n<p>Die Regeln hier ersetzen nicht die normalen Regeln f\u00fcr den Umgang mit Hunden und bei Hundebegegnungen, sie erg\u00e4nzen diese. Sie haben auch keinen Anspruch auf Vollst\u00e4ndigkeit.<\/p>\n\n\n\n<p>Der wichtigste Grundsatz ist -wie \u00fcberall- die wechselseitige R\u00fccksichtnahme gegen\u00fcber allen Nutzern, den Hunden sowie allen anderen im Umfeld, insbesondere die Anwohner und Erholungssuchende. Auch sind die Natur und Umwelt schonend zu behandeln. Streitigkeiten sollten vermieden oder friedlich beigelegt werden. Im Zweifel vermitteln wir gern.<\/p>\n\n\n\n<p>Zus\u00e4tzlich k\u00f6nnen besonderer Situationen oder Einzelf\u00e4lle andere Regeln oder Hinweise erfordern. Diese Regeln im Sonderfall haben dann stets Vorrang vor den allgemeinen Regeln und Hinweisen. Auch k\u00f6nnen Ausnahmen von den Regeln erfolgen.<\/p>\n\n\n\n<p>Der Verein, vertreten durch seinen Vorstand, hat uneingeschr\u00e4nktes Hausrecht. Hinweisen und auch Weisungen bzw. Aufforderungen durch den Vorstand oder dessen Beauftragte ist unverz\u00fcglich Folge zu leisten. (Beauftragter ist z.B. bei Arbeitseins\u00e4tzen der jeweils Verantwortliche vor Ort)<\/p>\n\n\n\n<p>Bei Straftaten oder Ordnungswidrigkeiten sind die zust\u00e4ndigen Stellen (Polizei, Ordnungsamt der Stadt) zu informieren, welche diese im Rahmen ihrer Aufgaben auch im Bereich des Hundegartens verfolgen. Wir als Verein unterst\u00fctzen sie dabei.<\/p>\n\n\n\n<p><strong>Regel 2<\/strong><\/p>\n\n\n\n<p>Nutzung auf eigene Gefahr, jeder haftet f\u00fcr seinen Hund und das damit verbundene Risiko. Kein Winterdienst.<\/p>\n\n\n\n<p>In einer Wiese kann es immer ein Stolperloch geben oder andere Hunde k\u00f6nnen unvorhersehbar handeln. Daher darf die Fl\u00e4che nur auf eigene Gefahr genutzt werden.<\/p>\n\n\n\n<p>Es gibt keinen Winterdienst. Unsere Freilauffl\u00e4chen sollen so nat\u00fcrlich wie m\u00f6glich sein, also bitte aufpassen bei der Nutzung.<\/p>\n\n\n\n<p>Wenn Dir etwas auff\u00e4llt, was kaputt ist oder von dem eine Verletzungsgefahr ausgeht, informiere uns bitte unverz\u00fcglich. Danke.<\/p>\n\n\n\n<p><strong>Regel 3<\/strong><\/p>\n\n\n\n<p>Haftpflicht ist Pflicht \u2013 f\u00fcr jeden Hund, ohne Haftpflicht darf die Fl\u00e4che nicht benutzt werden.<\/p>\n\n\n\n<p>Eine Haftpflicht ist auch f\u00fcr die Hunde erforderlich, die nach den gesetzlichen Vorgaben diese nicht zwingend ben\u00f6tigen. Hier steht der gleiche Schutz aller Hunde und deren Halter im Vordergrund, so dass wir f\u00fcr die Fl\u00e4che von jedem verlangen, dass er eine solche Versicherung f\u00fcr seinen Vierbeiner abgeschlossen hat.<\/p>\n\n\n\n<p>Wir behalten uns vor, im Einzelfall einen Nachweis \u00fcber eine entsprechende Versicherung zu fordern.<\/p>\n\n\n\n<p><strong>Regel 4<\/strong><\/p>\n\n\n\n<p>Hundehaufen und Abfall wegr\u00e4umen, im Zweifel auch die Haufen eines anderen Hundes.<\/p>\n\n\n\n<p>Eigentlich ist das ja selbstverst\u00e4ndlich \u2013 aber wir wollen hier noch einmal deutlich machen, dass jeder Benutzer dazu beitragen soll, dass unsere Freilauffl\u00e4chen auch frei von Abf\u00e4llen und Hundehaufen bleiben.<br>Auf jeden Fall sollte jeder seine eigenen Abf\u00e4lle und die Hinterlassenschaften seines Hundes entsorgen.<\/p>\n\n\n\n<p>Auch wenn Hundekot an sich nat\u00fcrlich ist, in der Menge auf einer begrenzten Fl\u00e4che ist das aber sch\u00e4dlich f\u00fcr alle Pflanzen. Daher die bereitgestellten Beutel und M\u00fclleimer nutzen oder die eigenen Beutel nehmen.<\/p>\n\n\n\n<p>Gegenseitige R\u00fccksicht erfordert auch, dass man im Zweifel die Hinterlassenschaften von anderen entfernt. Nat\u00fcrlich h\u00e4tte der dort Verantwortliche das selbst machen k\u00f6nnen, aber aus welchen Gr\u00fcnden auch immer das unterlassen wurde, bitten wir jeden der folgenden Nutzer dann dies wegzur\u00e4umen.<\/p>\n\n\n\n<p>Jeder soll sich verantwortlich f\u00fchlen.<\/p>\n\n\n\n<p>Auch wenn es in der Regel nicht ausdr\u00fccklich steht: Jeder beseitigt alle Hinterlassenschaften seines Hundes. Dazu geh\u00f6ren auch z.B. Ver\u00e4nderungen wie L\u00f6cher, die der Vierbeiner gebuddelt hat. Grunds\u00e4tzlich ist das Buddeln auf der bewachsenen Fl\u00e4che im \u00dcbrigen ohnehin nicht erw\u00fcnscht. Es soll ja keine Mondlanschaft entstehen.<\/p>\n\n\n\n<p>Anmerkung: Bei gr\u00f6\u00dferen Sch\u00e4den oder Abf\u00e4llen bitte uns schnellstm\u00f6glich informieren, dass wir uns darum k\u00fcmmern k\u00f6nnen. Schlie\u00dflich soll alles so schnell wie m\u00f6glich wieder in Ordnung sein.<\/p>\n\n\n\n<p><strong>Regel 5<\/strong><\/p>\n\n\n\n<p>Kein Glas, kein Alkohol, keine Speisen mitbringen oder verzehren \u2013 normale Getr\u00e4nke sind erlaubt. Kein Spielzeug und keine Leckerchen.<\/p>\n\n\n\n<p>Glas hat grunds\u00e4tzlich nichts auf einer Freilauffl\u00e4che zu suchen. Nat\u00fcrlich sind damit keine Brillen oder Objektive von Kameras gemeint, aber Gl\u00e4ser, Flaschen und \u00e4hnliche Gef\u00e4\u00dfe aus zerbrechlichen Materialien m\u00fcssen drau\u00dfen bleiben. Hier gibt es bessere Alternativen aus bruchsicheren Materialien.<\/p>\n\n\n\n<p>Ein Hundegarten soll auch keine Picknickfl\u00e4che sein. Speisen sind nicht erlaubt. Denn Hunde mit ihren feinen Nasen riechen das als m\u00f6gliche Nahrung und dann ist auch sp\u00e4ter noch unn\u00f6tiger Stress vorprogrammiert. Zudem besteht dann kein Risiko, dass Essensreste auf der Fl\u00e4che zur\u00fcck bleiben.<br>Alkohol hat auch nichts auf unseren Fl\u00e4chen zu suchen.<\/p>\n\n\n\n<p>Zul\u00e4ssig sind alkoholfreie Getr\u00e4nke in bruchsicheren Flaschen (z.B. Edelstahl). Die Wasserflasche f\u00fcr den Hund oder die Schorle f\u00fcr Frauchen darf mit.<\/p>\n\n\n\n<p>Was f\u00fcr das Frauchen oder Herrchen gilt, gilt erst Recht f\u00fcr den Vierbeiner. Auch Futter oder Leckerchen bitte m\u00f6glichst nicht auf die Wiese mitbringen. Auch das riechen unsere Vierbeiner und vergessen wom\u00f6glich ihre gute Ausbildung. Futterneid kann auch zu heftigem Streit f\u00fchren und zudem vertr\u00e4gt nicht jeder Hund das Leckerchen des anderen \u2013 hier sind wir als verantwortungsvolle Halter gefragt und sollten vollst\u00e4ndig auf diese Belohnungen verzichten.<\/p>\n\n\n\n<p>Stichwort \u201eKampf um Ressourcen\u201c. Daher passt dieser Teil der Regeln auch hier her: Es sollte selbstverst\u00e4ndlich sein, dass im Hundegarten -wie auch auf den meisten Fl\u00e4chen mit Kontakt zwischen Hunden- kein Spielzeug mitgenommen wird. Durch diese Reize werden andere Hunde automatisch mit animiert. Man beeinflusst damit andere Hunde ohne dass man selbst oder der andere Halter immer reagieren kann. Zudem werden Streitigkeiten um die Ressource \u201eSpielzeug\u201c provoziert.<\/p>\n\n\n\n<p><strong>Regel 6<\/strong><\/p>\n\n\n\n<p>Keine l\u00e4ufigen H\u00fcndinnen, auch wenn niemand sonst da ist.<\/p>\n\n\n\n<p>Eigentlich hat jeder Halter von R\u00fcden oder unkastrierten H\u00fcndinnen schon die stressbedingten Reaktionen der R\u00fcden erlebt, wenn auch nur ein Restgeruch einer l\u00e4ufigen H\u00fcndin zu sp\u00fcren ist. Da wir den Stress f\u00fcr alle Vierbeiner minimieren wollen, d\u00fcrfen l\u00e4ufige H\u00fcndinnen nicht auf die Fl\u00e4che.<\/p>\n\n\n\n<p>Das Verbot gilt auch f\u00fcr die Zeiten, wo sie allein auf der Fl\u00e4che w\u00e4ren \u2013 denn der Geruch bleibt noch lange da.<\/p>\n\n\n\n<p>Tipp: Wenn andere R\u00fcden die H\u00fcndin ungewohnt attraktiv finden, dann auch die M\u00f6glichkeit der L\u00e4ufigkeit mit in Betracht ziehen. Nicht jede H\u00fcndin z\u00e4hlt die Tage auf dem Kalender nach.<\/p>\n\n\n\n<p><strong>Regel 7<\/strong><\/p>\n\n\n\n<p>Immer den Hund und die Situation unter Kontrolle halten, jederzeit eingreifbereit sein.<\/p>\n\n\n\n<p>Ein Schw\u00e4tzchen hier, eine Zigarette dort \u2013 und der Hund ist unbeobachtet. So sieht man das oft und so wollen wir das aber nicht. Nat\u00fcrlich haben wir nichts gegen einen Austausch mit anderen Haltern. Nur muss jederzeit der eigene Vierbeiner und m\u00f6glichst auch die anderen in der Umgebung im Blick behalten werden. Jede verspielte Situation kann sich blitzschnell \u00e4ndern und ein Eingreifen erfordern.<\/p>\n\n\n\n<p>Gleiches gilt auch f\u00fcr \u201eAusfl\u00fcge\u201c der Hunde ins Gel\u00e4nde. Nat\u00fcrlich soll ein Hund sich auch austoben. Nur sollte jeder Halter darauf achten, was sein Hund gerade wo macht und ob andere Hunde davon betroffen sind. Bei Hunden, die auch gern mal verschwinden, sollten Halter danach nachsehen, ob der Hund nicht irgendwelchen Mist gemacht hat. Das betrifft gerade auch buddelnde Hunde \u2013 hier sollten Halter ebenfalls lieber noch einmal nachsehen, ob nicht noch L\u00f6cher wieder zu beseitigen sind.<\/p>\n\n\n\n<p><strong>Regel 8<\/strong><\/p>\n\n\n\n<p>Leinen und Geschirre ab, die behindern und haben ein Verletzungsrisiko. Halsb\u00e4nder und Maulk\u00f6rbe sind in Ordnung.<\/p>\n\n\n\n<p>Beim Spiel der Hunde untereinander sind Leinen und Geschirre im Weg. Sie erh\u00f6hen f\u00fcr alle beteiligten Vierbeiner die Verletzungsgefahr erheblich. Schnell bleibt eine Pfote irdendwo im Geschirr h\u00e4ngen, schlingt sich eine Leine um K\u00f6rper und Beine. Zusammen mit der Geschwindigkeit des Spiels sind Verletzungen schneller da als wir unsere Vierbeiner zur Ruhe rufen k\u00f6nnen. Daher bitte vor oder unmittelbar nach dem Betreten der Fl\u00e4chen die Geschirre und Leinen ablegen.<\/p>\n\n\n\n<p>Und was ist mit Jacken und M\u00e4ntel f\u00fcr die Hunde, wurden wir gefragt. Das sollte eigentlich klar sein, denn hier ist die Verletzungsgefahr noch viel h\u00f6her als bei einem Geschirr \u2013 und das nicht nur beim eigenen Hund. Also sind selbstverst\u00e4ndlich auch Jacken und M\u00e4ntel unerw\u00fcnscht.<\/p>\n\n\n\n<p>Halsb\u00e4nder sind in Ordnung und zu empfehlen. So hat jeder auch die M\u00f6glichkeit, einen Hund festzuhalten.<\/p>\n\n\n\n<p>So gef\u00e4hrlich ein Hund mit einem Maulkorb auch aussieht \u2013 er sch\u00fctzt den Hund selbst und auch die anderen Hunde. Daher sind Maulk\u00f6rbe auch erlaubt, da sie ein ungef\u00e4hrliches Spiel f\u00f6rdern, welches ohne diesen Maulkorb vielleicht nicht m\u00f6glich w\u00e4re.<\/p>\n\n\n\n<p><strong>Regel 9<\/strong><\/p>\n\n\n\n<p>Eingreifen \u2013 kein Mobbing, wenn immer nur ein Hund gejagt wird oder er Schutz sucht. R\u00fccksicht auf andere nehmen.<\/p>\n\n\n\n<p>Leider haben wir die Erfahrung gemacht, dass nicht jeder Halter zwischen einem niedlichen Spiel und einem Mobbing unterscheiden kann. Daher findet diese Regel auch ausdr\u00fcckliche Erw\u00e4hnung hier. Auch unter Hunden ist Mobbing oft zu beobachten und sollte verhindert werden.<\/p>\n\n\n\n<p>Immer wenn ein Spiel zwischen zwei oder mehreren Hunden einseitig wird, also immer der gleiche Hund verfolgt wird oder wenn ein Hund Schutz bei seinem Menschen sucht, spricht viel gegen ein ausgewogenes soziales Spiel und viel f\u00fcr ein Mobbing.<\/p>\n\n\n\n<p><strong>Regel 10<\/strong><\/p>\n\n\n\n<p>Keine gewerbliche Nutzung, weder Waren noch Dienstleistungen.<\/p>\n\n\n\n<p>Die Fl\u00e4che soll kein Marktplatz f\u00fcr gewerbliche Angebote werden. Also d\u00fcrfen hier keine Waren gewerblich angeboten werden. Private Angebote von Hundehalter zu Hundehalter sind in Ordnung, wenn davon keine Bel\u00e4stigung der anderen Nutzer ausgeht.<\/p>\n\n\n\n<p>Gleiches gilt f\u00fcr Dienstleistungen. Die Fl\u00e4che ist keine kostenlose Ersatzfl\u00e4che f\u00fcr Hundeschulen oder andere Anbieter. Auch hier sind Ausnahmen vorstellbar, zum Beispiel wenn ein Hund und dessen Halter durch eine\/n TrainerIn begleitet wird, um eine Einsch\u00e4tzung des Hundes vorzunehmen.<\/p>\n\n\n\n<p>Im Zweifel ist vorab der Vorstand zu fragen.<\/p>\n","protected":false},"excerpt":{"rendered":"<p>Wir verfolgen alle die gleichen Ziele und Interessen. Ein freundlicher Umgang wird daher nicht nur von unseren Vierbeinern sondern auch von allen Zweibeinern vorausgesetzt. Die gilt sowohl im pers\u00f6nlichen Umgang miteinander, als auch bei der Nutzung unserer elektronischen Medien (G\u00e4stebuch, Facebook-Gruppe). Bei ernsthaften Unstimmigkeiten sollte der Vorstand informiert werden. In den Hundeg\u00e4rten gilt unsere Platzordnung [&hellip;]<\/p>\n","protected":false},"author":1,"featured_media":0,"parent":35,"menu_order":0,"comment_status":"closed","ping_status":"closed","template":"","meta":{"footnotes":""},"class_list":["post-21","page","type-page","status-publish","hentry"],"_links":{"self":[{"href":"https:\/\/unser-hundegarten.de\/index.php?rest_route=\/wp\/v2\/pages\/21","targetHints":{"allow":["GET"]}}],"collection":[{"href":"https:\/\/unser-hundegarten.de\/index.php?rest_route=\/wp\/v2\/pages"}],"about":[{"href":"https:\/\/unser-hundegarten.de\/index.php?rest_route=\/wp\/v2\/types\/page"}],"author":[{"embeddable":true,"href":"https:\/\/unser-hundegarten.de\/index.php?rest_route=\/wp\/v2\/users\/1"}],"replies":[{"embeddable":true,"href":"https:\/\/unser-hundegarten.de\/index.php?rest_route=%2Fwp%2Fv2%2Fcomments&post=21"}],"version-history":[{"count":5,"href":"https:\/\/unser-hundegarten.de\/index.php?rest_route=\/wp\/v2\/pages\/21\/revisions"}],"predecessor-version":[{"id":174,"href":"https:\/\/unser-hundegarten.de\/index.php?rest_route=\/wp\/v2\/pages\/21\/revisions\/174"}],"up":[{"embeddable":true,"href":"https:\/\/unser-hundegarten.de\/index.php?rest_route=\/wp\/v2\/pages\/35"}],"wp:attachment":[{"href":"https:\/\/unser-hundegarten.de\/index.php?rest_route=%2Fwp%2Fv2%2Fmedia&parent=21"}],"curies":[{"name":"wp","href":"https:\/\/api.w.org\/{rel}","templated":true}]}}