{"id":23,"date":"2024-05-08T12:56:40","date_gmt":"2024-05-08T12:56:40","guid":{"rendered":"https:\/\/hundegarten.laserprojects.de\/?page_id=23"},"modified":"2024-10-26T23:21:50","modified_gmt":"2024-10-26T21:21:50","slug":"mitglied-werden","status":"publish","type":"page","link":"https:\/\/unser-hundegarten.de\/?page_id=23","title":{"rendered":"Mitglied werden"},"content":{"rendered":"\n<figure class=\"wp-block-image aligncenter size-large\"><img loading=\"lazy\" decoding=\"async\" width=\"1024\" height=\"577\" src=\"https:\/\/unser-hundegarten.de\/wp-content\/uploads\/2024\/06\/343290478_1419947065485804_107037638574859321_n-1024x577.jpg\" alt=\"\" class=\"wp-image-111\" srcset=\"https:\/\/unser-hundegarten.de\/wp-content\/uploads\/2024\/06\/343290478_1419947065485804_107037638574859321_n-1024x577.jpg 1024w, https:\/\/unser-hundegarten.de\/wp-content\/uploads\/2024\/06\/343290478_1419947065485804_107037638574859321_n-300x169.jpg 300w, https:\/\/unser-hundegarten.de\/wp-content\/uploads\/2024\/06\/343290478_1419947065485804_107037638574859321_n-768x433.jpg 768w, https:\/\/unser-hundegarten.de\/wp-content\/uploads\/2024\/06\/343290478_1419947065485804_107037638574859321_n-1536x865.jpg 1536w, https:\/\/unser-hundegarten.de\/wp-content\/uploads\/2024\/06\/343290478_1419947065485804_107037638574859321_n-2048x1154.jpg 2048w\" sizes=\"auto, (max-width: 1024px) 100vw, 1024px\" \/><\/figure>\n\n\n\n<p>Nur mit Hilfe ganz vieler Mitglieder, die bereit sind uns durch Beitr\u00e4ge und\/oder Spenden zu unterst\u00fctzen, werden wir dauerhaft unsere Ziele erreichen und halten k\u00f6nnen.<br><br>Daher bitten wir alle Hundeliebhaber um Unterst\u00fctzung durch den Beitritt in unseren Verein. Unser Mindest-Mitgliedsbeitrag betr\u00e4gt 18,00 Euro im Jahr. Der Betrag kann aber auch individuell erh\u00f6ht werden.<br><br>Den Antrag erbitten wir entweder per Post an die im Antrag angegebene Anschrift oder <strong>vorzugsweise<\/strong> per e-mail an<br><br><a href=\"mailto:info@unser-hundegarten.de\" target=\"_blank\" rel=\"noreferrer noopener\">info@unser-hundegarten.de<\/a><\/p>\n\n\n\n<p>Gerne kann der Beitritt aber auch online mit dem unten stehenden Formular erfolgen.<\/p>\n\n\n\n<div data-wp-interactive=\"core\/file\" class=\"wp-block-file\"><object data-wp-bind--hidden=\"!state.hasPdfPreview\" hidden class=\"wp-block-file__embed\" data=\"https:\/\/unser-hundegarten.de\/wp-content\/uploads\/2024\/10\/Aufnahmeantrag-aktuell.pdf\" type=\"application\/pdf\" style=\"width:100%;height:600px\" aria-label=\"Einbettung von Aufnahmeantrag aktuell.\"><\/object><a id=\"wp-block-file--media-fd19830d-e11e-454d-9f64-f17e14d3ae60\" href=\"https:\/\/unser-hundegarten.de\/wp-content\/uploads\/2024\/10\/Aufnahmeantrag-aktuell.pdf\">Aufnahmeantrag aktuell<\/a><a href=\"https:\/\/unser-hundegarten.de\/wp-content\/uploads\/2024\/10\/Aufnahmeantrag-aktuell.pdf\" class=\"wp-block-file__button wp-element-button\" download aria-describedby=\"wp-block-file--media-fd19830d-e11e-454d-9f64-f17e14d3ae60\">Herunterladen<\/a><\/div>\n\n\n<div class=\"webling-form \"><form action=\"?\" method=\"post\" enctype=\"multipart\/form-data\" onsubmit=\"webling_disableSubmitButton()\"><input type=\"hidden\" id=\"_wpnonce\" name=\"_wpnonce\" value=\"298bdc4ffc\" \/><input type=\"hidden\" name=\"_wp_http_referer\" value=\"\/index.php?rest_route=%2Fwp%2Fv2%2Fpages%2F23\" \/><input type=\"hidden\" name=\"webling-form-id\" value=\"7\"\/><input type=\"hidden\" name=\"webling-form-redirect\" value=\"https:\/\/unser-hundegarten.de\/?page_id=23\"\/><div class=\"webling-form__group webling-form__group--top  webling-form__group--field-Anrede\"><label for=\"webling-form-field-90\" class=\"webling-form__label\">Anrede<\/label><div class=\"webling-form__field\"><select name=\"webling-form-field[90]\" id=\"webling-form-field-90\" class=\"webling-form__select\" ><option value=\"Frau\">Frau<\/option><option value=\"Herr\">Herr<\/option><option value=\"Familie\">Familie<\/option><\/select><\/div><\/div><div class=\"webling-form__group webling-form__group--top  webling-form__group--field-Name\"><label for=\"webling-form-field-91\" class=\"webling-form__label\">Name <span class=\"webling-form__required\">*<\/span><\/label><div class=\"webling-form__field\"><input type=\"text\" name=\"webling-form-field[91]\" id=\"webling-form-field-91\" placeholder=\"\" class=\"webling-form__input\" required><\/div><\/div><div class=\"webling-form__group webling-form__group--top  webling-form__group--field-Vorname\"><label for=\"webling-form-field-92\" class=\"webling-form__label\">Vorname<\/label><div class=\"webling-form__field\"><input type=\"text\" name=\"webling-form-field[92]\" id=\"webling-form-field-92\" placeholder=\"\" class=\"webling-form__input\" ><\/div><\/div><div class=\"webling-form__group webling-form__group--top  webling-form__group--field-Strasse\"><label for=\"webling-form-field-93\" class=\"webling-form__label\">Strasse <span class=\"webling-form__required\">*<\/span><\/label><div class=\"webling-form__field\"><input type=\"text\" name=\"webling-form-field[93]\" id=\"webling-form-field-93\" placeholder=\"\" class=\"webling-form__input\" required><\/div><\/div><div class=\"webling-form__group webling-form__group--top  webling-form__group--field-PLZ\"><label for=\"webling-form-field-94\" class=\"webling-form__label\">PLZ <span class=\"webling-form__required\">*<\/span><\/label><div class=\"webling-form__field\"><input type=\"text\" name=\"webling-form-field[94]\" id=\"webling-form-field-94\" placeholder=\"\" class=\"webling-form__input\" required><\/div><\/div><div class=\"webling-form__group webling-form__group--top  webling-form__group--field-Ort\"><label for=\"webling-form-field-95\" class=\"webling-form__label\">Ort <span class=\"webling-form__required\">*<\/span><\/label><div class=\"webling-form__field\"><input type=\"text\" name=\"webling-form-field[95]\" id=\"webling-form-field-95\" placeholder=\"\" class=\"webling-form__input\" required><\/div><\/div><div class=\"webling-form__group webling-form__group--top  webling-form__group--field-EMail\"><label for=\"webling-form-field-96\" class=\"webling-form__label\">E-Mail <span class=\"webling-form__required\">*<\/span><\/label><div class=\"webling-form__field\"><input type=\"email\" name=\"webling-form-field[96]\" id=\"webling-form-field-96\" placeholder=\"\" class=\"webling-form__input\" required><small class=\"webling-form__description\">Diese E-Mail-Adresse wird auch f\u00fcr den Zugang zum Mitgliederportal benutzt<\/small><\/div><\/div><div class=\"webling-form__group webling-form__group--top  webling-form__group--field-Mobile\"><label for=\"webling-form-field-97\" class=\"webling-form__label\">Mobile<\/label><div class=\"webling-form__field\"><input type=\"tel\" name=\"webling-form-field[97]\" id=\"webling-form-field-97\" placeholder=\"\" class=\"webling-form__input\" ><\/div><\/div><div class=\"webling-form__group webling-form__group--top  webling-form__group--field-HundderExclusivzeitenbentigt\"><label for=\"webling-form-field-98\" class=\"webling-form__label\">Hund der Exclusivzeiten ben\u00f6tigt<\/label><div class=\"webling-form__field\"><span><label><input type=\"checkbox\" class=\"webling-form__checkbox\" name=\"webling-form-field[98]\" id=\"webling-form-field-98\" >  <\/label><\/span><small class=\"webling-form__description\">Nur f\u00fcr Hunde mit diesem Merkmal kann Exclusivzeit gebucht werden.<\/small><\/div><\/div><div class=\"webling-form__group webling-form__group--top  webling-form__group--field-MeinHundhatfolgendeVerhaltensaufflligkeiten\"><label for=\"webling-form-field-99\" class=\"webling-form__label\">Mein Hund hat folgende Verhaltensauff\u00e4lligkeit\/en<\/label><div class=\"webling-form__field\"><textarea rows=\"6\" name=\"webling-form-field[99]\" id=\"webling-form-field-99\" placeholder=\"\" class=\"webling-form__input\" ><\/textarea><\/div><\/div><div class=\"webling-form__group webling-form__group--top  webling-form__group--field-Bemerkungen\"><label for=\"webling-form-field-100\" class=\"webling-form__label\">Bemerkungen<\/label><div class=\"webling-form__field\"><textarea rows=\"6\" name=\"webling-form-field[100]\" id=\"webling-form-field-100\" placeholder=\"\" class=\"webling-form__input\" ><\/textarea><\/div><\/div><input type=\"text\" id=\"webling-form-field_0\" autocomplete=\"off\" name=\"webling-form-field[0]\" value=\"\"\/><p><input type=\"submit\" value=\"Absenden\" class=\"webling-form__submit\" id=\"webling-form__submit\"><\/p><\/form><script type=\"text\/javascript\">\n\/\/ disable submit button after form was submitted to prevent multiple entries\nfunction webling_disableSubmitButton() {\n    document.getElementById(\"webling-form__submit\").disabled = true;\n}\n<\/script><\/div>\n\n\n\n<p><\/p>\n","protected":false},"excerpt":{"rendered":"<p>Nur mit Hilfe ganz vieler Mitglieder, die bereit sind uns durch Beitr\u00e4ge und\/oder Spenden zu unterst\u00fctzen, werden wir dauerhaft unsere Ziele erreichen und halten k\u00f6nnen. Daher bitten wir alle Hundeliebhaber um Unterst\u00fctzung durch den Beitritt in unseren Verein. Unser Mindest-Mitgliedsbeitrag betr\u00e4gt 18,00 Euro im Jahr. Der Betrag kann aber auch individuell erh\u00f6ht werden. Den Antrag [&hellip;]<\/p>\n","protected":false},"author":1,"featured_media":0,"parent":0,"menu_order":70,"comment_status":"closed","ping_status":"closed","template":"","meta":{"footnotes":""},"class_list":["post-23","page","type-page","status-publish","hentry"],"_links":{"self":[{"href":"https:\/\/unser-hundegarten.de\/index.php?rest_route=\/wp\/v2\/pages\/23","targetHints":{"allow":["GET"]}}],"collection":[{"href":"https:\/\/unser-hundegarten.de\/index.php?rest_route=\/wp\/v2\/pages"}],"about":[{"href":"https:\/\/unser-hundegarten.de\/index.php?rest_route=\/wp\/v2\/types\/page"}],"author":[{"embeddable":true,"href":"https:\/\/unser-hundegarten.de\/index.php?rest_route=\/wp\/v2\/users\/1"}],"replies":[{"embeddable":true,"href":"https:\/\/unser-hundegarten.de\/index.php?rest_route=%2Fwp%2Fv2%2Fcomments&post=23"}],"version-history":[{"count":15,"href":"https:\/\/unser-hundegarten.de\/index.php?rest_route=\/wp\/v2\/pages\/23\/revisions"}],"predecessor-version":[{"id":279,"href":"https:\/\/unser-hundegarten.de\/index.php?rest_route=\/wp\/v2\/pages\/23\/revisions\/279"}],"wp:attachment":[{"href":"https:\/\/unser-hundegarten.de\/index.php?rest_route=%2Fwp%2Fv2%2Fmedia&parent=23"}],"curies":[{"name":"wp","href":"https:\/\/api.w.org\/{rel}","templated":true}]}}