{"id":25,"date":"2024-05-08T12:57:19","date_gmt":"2024-05-08T12:57:19","guid":{"rendered":"https:\/\/hundegarten.laserprojects.de\/?page_id=25"},"modified":"2024-05-09T12:27:14","modified_gmt":"2024-05-09T12:27:14","slug":"unsere-foerderer","status":"publish","type":"page","link":"https:\/\/unser-hundegarten.de\/?page_id=25","title":{"rendered":"Unsere F\u00f6rderer"},"content":{"rendered":"\n<hr class=\"wp-block-separator has-alpha-channel-opacity\"\/>\n\n\n\n<div class=\"wp-block-columns is-layout-flex wp-container-core-columns-is-layout-28f84493 wp-block-columns-is-layout-flex\">\n<div class=\"wp-block-column is-layout-flow wp-block-column-is-layout-flow\" style=\"flex-basis:66.66%\">\n<h2 class=\"wp-block-heading\">EDS Fahrzeugtechnik GmbH<\/h2>\n\n\n\n<p>Die Firma EDS Fahrzeugtechnik hat uns mit einer sehr gro\u00dfz\u00fcgigen Spende f\u00fcr den Hundegarten Fr\u00f6ndenberg bedacht.<br><br>Wir bedanken uns ganz herzlich daf\u00fcr.<\/p>\n<\/div>\n\n\n\n<div class=\"wp-block-column is-layout-flow wp-block-column-is-layout-flow\" style=\"flex-basis:33.33%\">\n<figure class=\"wp-block-image aligncenter size-large is-resized\"><img loading=\"lazy\" decoding=\"async\" width=\"1024\" height=\"282\" src=\"https:\/\/hundegarten.laserprojects.de\/wp-content\/uploads\/2024\/05\/EDS_Logo_Schriftzug_schwarz-1024x282.jpg\" alt=\"\" class=\"wp-image-81\" style=\"width:222px;height:auto\" srcset=\"https:\/\/unser-hundegarten.de\/wp-content\/uploads\/2024\/05\/EDS_Logo_Schriftzug_schwarz-1024x282.jpg 1024w, https:\/\/unser-hundegarten.de\/wp-content\/uploads\/2024\/05\/EDS_Logo_Schriftzug_schwarz-300x82.jpg 300w, https:\/\/unser-hundegarten.de\/wp-content\/uploads\/2024\/05\/EDS_Logo_Schriftzug_schwarz-768x211.jpg 768w, https:\/\/unser-hundegarten.de\/wp-content\/uploads\/2024\/05\/EDS_Logo_Schriftzug_schwarz-1536x422.jpg 1536w, https:\/\/unser-hundegarten.de\/wp-content\/uploads\/2024\/05\/EDS_Logo_Schriftzug_schwarz-2048x563.jpg 2048w\" sizes=\"auto, (max-width: 1024px) 100vw, 1024px\" \/><\/figure>\n<\/div>\n<\/div>\n\n\n\n<hr class=\"wp-block-separator has-alpha-channel-opacity\"\/>\n\n\n\n<div class=\"wp-block-columns is-layout-flex wp-container-core-columns-is-layout-28f84493 wp-block-columns-is-layout-flex\">\n<div class=\"wp-block-column is-layout-flow wp-block-column-is-layout-flow\" style=\"flex-basis:66.66%\">\n<h2 class=\"wp-block-heading\">SPD Fr\u00f6ndenberg<\/h2>\n\n\n\n<p>Die SPD Fr\u00f6ndenberg hat uns eine Spende f\u00fcr den Hundegarten Fr\u00f6ndenberg zukommen lassen.<br><br>Wir bedanken uns ganz herzlich.<\/p>\n<\/div>\n\n\n\n<div class=\"wp-block-column is-layout-flow wp-block-column-is-layout-flow\" style=\"flex-basis:33.33%\">\n<figure class=\"wp-block-image aligncenter size-full is-resized\"><img loading=\"lazy\" decoding=\"async\" width=\"100\" height=\"102\" src=\"https:\/\/hundegarten.laserprojects.de\/wp-content\/uploads\/2024\/05\/SPD.jpg\" alt=\"\" class=\"wp-image-74\" style=\"width:141px;height:auto\"\/><\/figure>\n<\/div>\n<\/div>\n\n\n\n<hr class=\"wp-block-separator has-alpha-channel-opacity\"\/>\n\n\n\n<div class=\"wp-block-columns is-layout-flex wp-container-core-columns-is-layout-28f84493 wp-block-columns-is-layout-flex\">\n<div class=\"wp-block-column is-layout-flow wp-block-column-is-layout-flow\" style=\"flex-basis:66.66%\">\n<h2 class=\"wp-block-heading\">B\u00fcndnis 90\/Die Gr\u00fcnen Fr\u00f6ndenberg<\/h2>\n\n\n\n<p>Von der Fraktion B\u00fcndnis 90 Die Gr\u00fcnen haben wir f\u00fcr den Hundegarten Fr\u00f6ndenberg erhalten.<br><br>Wir bedanken uns ganz herzlich.<\/p>\n<\/div>\n\n\n\n<div class=\"wp-block-column is-layout-flow wp-block-column-is-layout-flow\" style=\"flex-basis:33.33%\">\n<figure class=\"wp-block-image size-full\"><img loading=\"lazy\" decoding=\"async\" width=\"300\" height=\"162\" src=\"https:\/\/hundegarten.laserprojects.de\/wp-content\/uploads\/2024\/05\/gruen.jpg\" alt=\"\" class=\"wp-image-75\"\/><\/figure>\n<\/div>\n<\/div>\n\n\n\n<hr class=\"wp-block-separator has-alpha-channel-opacity\"\/>\n\n\n\n<div class=\"wp-block-columns is-layout-flex wp-container-core-columns-is-layout-28f84493 wp-block-columns-is-layout-flex\">\n<div class=\"wp-block-column is-layout-flow wp-block-column-is-layout-flow\" style=\"flex-basis:66.66%\">\n<h2 class=\"wp-block-heading\">Diverse Sachspenden<\/h2>\n\n\n\n<p>Wir bedanken uns bei<br><br>Futterhalle Glasmacher in Ostb\u00fcren f\u00fcr die Erstellung der Tafel mit der Platzordnung<br><br>Wolfgang Pietsch f\u00fcr die Unterst\u00fctzung mit diversen Baumaschinen und deren Bedienung<br><br>D\u00f6rte Struhkamp und ihre Unterst\u00fctzer f\u00fcr die 5 Sitzb\u00e4nke<br><br>Marvin f\u00fcr den Kotbeutelspender und schon mehrfach gespendete Kotbeutel<br><br>Bettina Br\u00fcckh\u00e4ndler und Brigitte Koch f\u00fcr die Erstellung des Weidentipis<br><br>Olaf Schwickardi f\u00fcr die Projektleitung, die vielen Kleinteilspenden und die diversen Arbeitseins\u00e4tze<br><br>und bei allen Helfern und Unterst\u00fctzern beim Bau des Hundegartens.<\/p>\n<\/div>\n\n\n\n<div class=\"wp-block-column is-layout-flow wp-block-column-is-layout-flow\" style=\"flex-basis:33.33%\">\n<figure class=\"wp-block-image aligncenter size-large is-resized\"><img loading=\"lazy\" decoding=\"async\" width=\"1024\" height=\"768\" src=\"https:\/\/hundegarten.laserprojects.de\/wp-content\/uploads\/2024\/05\/337296483_624685682429026_2252830190927264235_-1024x768.jpg\" alt=\"\" class=\"wp-image-76\" style=\"width:251px;height:auto\" srcset=\"https:\/\/unser-hundegarten.de\/wp-content\/uploads\/2024\/05\/337296483_624685682429026_2252830190927264235_-1024x768.jpg 1024w, https:\/\/unser-hundegarten.de\/wp-content\/uploads\/2024\/05\/337296483_624685682429026_2252830190927264235_-300x225.jpg 300w, https:\/\/unser-hundegarten.de\/wp-content\/uploads\/2024\/05\/337296483_624685682429026_2252830190927264235_-768x576.jpg 768w, https:\/\/unser-hundegarten.de\/wp-content\/uploads\/2024\/05\/337296483_624685682429026_2252830190927264235_-1536x1152.jpg 1536w, https:\/\/unser-hundegarten.de\/wp-content\/uploads\/2024\/05\/337296483_624685682429026_2252830190927264235_.jpg 1920w\" sizes=\"auto, (max-width: 1024px) 100vw, 1024px\" \/><\/figure>\n<\/div>\n<\/div>\n\n\n\n<hr class=\"wp-block-separator has-alpha-channel-opacity\"\/>\n\n\n\n<div class=\"wp-block-columns is-layout-flex wp-container-core-columns-is-layout-28f84493 wp-block-columns-is-layout-flex\">\n<div class=\"wp-block-column is-layout-flow wp-block-column-is-layout-flow\" style=\"flex-basis:66.66%\">\n<h2 class=\"wp-block-heading\">Stiftung Gutes tun<\/h2>\n\n\n\n<p>Die Stiftung &#8222;Gutes tun&#8220; der Sparkasse UnnaKamen hat uns mit einer sehr gro\u00dfz\u00fcgigen Spende f\u00fcr die Herrichtung des Hundegartens in Holzwickede bedacht.<br>Wir bedanken uns ganz herzlich.<\/p>\n<\/div>\n\n\n\n<div class=\"wp-block-column is-layout-flow wp-block-column-is-layout-flow\" style=\"flex-basis:33.33%\">\n<figure class=\"wp-block-image aligncenter size-full is-resized\"><img loading=\"lazy\" decoding=\"async\" width=\"299\" height=\"168\" src=\"https:\/\/hundegarten.laserprojects.de\/wp-content\/uploads\/2024\/05\/SPK_Unna.jpg\" alt=\"\" class=\"wp-image-77\" style=\"width:283px;height:auto\"\/><\/figure>\n<\/div>\n<\/div>\n\n\n\n<hr class=\"wp-block-separator has-alpha-channel-opacity\"\/>\n\n\n\n<div class=\"wp-block-columns is-layout-flex wp-container-core-columns-is-layout-28f84493 wp-block-columns-is-layout-flex\">\n<div class=\"wp-block-column is-layout-flow wp-block-column-is-layout-flow\" style=\"flex-basis:66.66%\">\n<h2 class=\"wp-block-heading\">SPD Holzwickede<\/h2>\n\n\n\n<p>Die SPD Holzwickede hat uns mit einer sehr gro\u00dfz\u00fcgigen Spende f\u00fcr die Herrichtung des Hundegartens in Holzwickede bedacht.<br><br>Wir bedanken uns ganz herzlich.<\/p>\n<\/div>\n\n\n\n<div class=\"wp-block-column is-layout-flow wp-block-column-is-layout-flow\" style=\"flex-basis:33.33%\">\n<figure class=\"wp-block-image aligncenter size-full is-resized\"><img loading=\"lazy\" decoding=\"async\" width=\"225\" height=\"225\" src=\"https:\/\/hundegarten.laserprojects.de\/wp-content\/uploads\/2024\/05\/spd_holzwickede.jpg\" alt=\"\" class=\"wp-image-78\" style=\"width:164px;height:auto\" srcset=\"https:\/\/unser-hundegarten.de\/wp-content\/uploads\/2024\/05\/spd_holzwickede.jpg 225w, https:\/\/unser-hundegarten.de\/wp-content\/uploads\/2024\/05\/spd_holzwickede-150x150.jpg 150w\" sizes=\"auto, (max-width: 225px) 100vw, 225px\" \/><\/figure>\n<\/div>\n<\/div>\n\n\n\n<hr class=\"wp-block-separator has-alpha-channel-opacity\"\/>\n\n\n\n<div class=\"wp-block-columns is-layout-flex wp-container-core-columns-is-layout-28f84493 wp-block-columns-is-layout-flex\">\n<div class=\"wp-block-column is-layout-flow wp-block-column-is-layout-flow\" style=\"flex-basis:66.66%\">\n<h2 class=\"wp-block-heading\">LVM Versicherung Christian Berndt<\/h2>\n\n\n\n<p>Die LVM Versicherung Christian Berndt hat sich zu einer Bannerwerbung in unserem Hundegarten Holzwickede entschieden. F\u00fcr die damit verbundene finanzielle Unterst\u00fctzung bedanken wir uns ganz herzlich.<br><br>In der Zukunft wird die LVM Versicherung unseren Mitgliedern einen 20 %igen Rabatt auf Hundehalterhaftpflicht-Versicherungen einr\u00e4umen.<br><br>Die Abwicklungsmodalit\u00e4ten geben wir in K\u00fcrze bekannt. Auch f\u00fcr diese Unterst\u00fctzung sagen wir herzlichen Dank.<\/p>\n<\/div>\n\n\n\n<div class=\"wp-block-column is-layout-flow wp-block-column-is-layout-flow\" style=\"flex-basis:33.33%\">\n<figure class=\"wp-block-image aligncenter size-full is-resized\"><img loading=\"lazy\" decoding=\"async\" width=\"299\" height=\"168\" src=\"https:\/\/hundegarten.laserprojects.de\/wp-content\/uploads\/2024\/05\/lvm.jpg\" alt=\"\" class=\"wp-image-79\" style=\"width:336px;height:auto\"\/><\/figure>\n<\/div>\n<\/div>\n\n\n\n<hr class=\"wp-block-separator has-alpha-channel-opacity\"\/>\n\n\n\n<div class=\"wp-block-columns is-layout-flex wp-container-core-columns-is-layout-28f84493 wp-block-columns-is-layout-flex\">\n<div class=\"wp-block-column is-layout-flow wp-block-column-is-layout-flow\" style=\"flex-basis:66.66%\">\n<h2 class=\"wp-block-heading\">Fressnapf Dortmund-Aplerbeck<\/h2>\n\n\n\n<p>Mit der Fressnapf Filiale in Dortmund-Aplerbeck haben wir einen Kooperationspartner gefunden, der unsere Projekte und unsere Vereinsmitglieder auf den verschiedensten Ebenen begleiten und unterst\u00fctzen wird.<br><br>Derzeit erarbeiten wir mit den Mitarbeitern der Fressnapf-Filiale Aplerbeck ein entsprechendes Konzept.<br><br>Sobald konkrete Ergebnisse vorliegen, werden wir weiter informieren.<\/p>\n<\/div>\n\n\n\n<div class=\"wp-block-column is-layout-flow wp-block-column-is-layout-flow\" style=\"flex-basis:33.33%\">\n<figure class=\"wp-block-image aligncenter size-full is-resized\"><img loading=\"lazy\" decoding=\"async\" width=\"200\" height=\"200\" src=\"https:\/\/hundegarten.laserprojects.de\/wp-content\/uploads\/2024\/05\/fressnapf.jpg\" alt=\"\" class=\"wp-image-80\" style=\"width:230px;height:auto\" srcset=\"https:\/\/unser-hundegarten.de\/wp-content\/uploads\/2024\/05\/fressnapf.jpg 200w, https:\/\/unser-hundegarten.de\/wp-content\/uploads\/2024\/05\/fressnapf-150x150.jpg 150w\" sizes=\"auto, (max-width: 200px) 100vw, 200px\" \/><\/figure>\n<\/div>\n<\/div>\n\n\n\n<hr class=\"wp-block-separator has-alpha-channel-opacity\"\/>\n\n\n\n<div class=\"wp-block-columns is-layout-flex wp-container-core-columns-is-layout-28f84493 wp-block-columns-is-layout-flex\">\n<div class=\"wp-block-column is-layout-flow wp-block-column-is-layout-flow\" style=\"flex-basis:66.66%\">\n<h2 class=\"wp-block-heading\">Grabe-Metallkonstruktion GmbH<\/h2>\n\n\n\n<p>Die Firma Grabe-Metallkonstruktion GmbH hat uns mit einer \u00fcberaus gro\u00dfz\u00fcgigen Geldspende bedacht. Hief\u00fcr bedanken wir uns ganz herzlich.<\/p>\n<\/div>\n\n\n\n<div class=\"wp-block-column is-layout-flow wp-block-column-is-layout-flow\" style=\"flex-basis:33.33%\">\n<figure class=\"wp-block-image aligncenter size-full is-resized\"><img loading=\"lazy\" decoding=\"async\" width=\"240\" height=\"250\" src=\"https:\/\/hundegarten.laserprojects.de\/wp-content\/uploads\/2024\/05\/Gabe.jpg\" alt=\"\" class=\"wp-image-71\" style=\"width:124px;height:auto\"\/><\/figure>\n<\/div>\n<\/div>\n\n\n\n<hr class=\"wp-block-separator has-alpha-channel-opacity\"\/>\n\n\n\n<div class=\"wp-block-columns is-layout-flex wp-container-core-columns-is-layout-28f84493 wp-block-columns-is-layout-flex\">\n<div class=\"wp-block-column is-layout-flow wp-block-column-is-layout-flow\" style=\"flex-basis:66.66%\">\n<h2 class=\"wp-block-heading\">Zimmerei Jansen<\/h2>\n\n\n\n<p>Von der Zimmerei Jansen in Holzwickede haben wir das neue Eingangstor f\u00fcr den Hundegarten in Holzwickede erhalten. Wir bedanken uns ganz herzlich f\u00fcr die schnelle Hilfe nach dem Diebstahl unseres alten Tores und f\u00fcr die extrem liebevolle Gestaltung.<\/p>\n<\/div>\n\n\n\n<div class=\"wp-block-column is-layout-flow wp-block-column-is-layout-flow\" style=\"flex-basis:33.33%\">\n<figure class=\"wp-block-image aligncenter size-full is-resized\"><img loading=\"lazy\" decoding=\"async\" width=\"300\" height=\"125\" src=\"https:\/\/hundegarten.laserprojects.de\/wp-content\/uploads\/2024\/05\/zimmerei-jansen.jpg\" alt=\"\" class=\"wp-image-72\" style=\"width:151px;height:auto\"\/><\/figure>\n<\/div>\n<\/div>\n\n\n\n<hr class=\"wp-block-separator has-alpha-channel-opacity\"\/>\n\n\n\n<div class=\"wp-block-columns is-layout-flex wp-container-core-columns-is-layout-28f84493 wp-block-columns-is-layout-flex\">\n<div class=\"wp-block-column is-layout-flow wp-block-column-is-layout-flow\" style=\"flex-basis:66.66%\">\n<h2 class=\"wp-block-heading\">Kehl Objektservice<\/h2>\n\n\n\n<p>Die Firma Kehl Objektservice spendet uns eine Parkbank. Wir bedanken uns herzlich.<\/p>\n<\/div>\n\n\n\n<div class=\"wp-block-column is-layout-flow wp-block-column-is-layout-flow\" style=\"flex-basis:33.33%\">\n<figure class=\"wp-block-image aligncenter size-full is-resized\"><img loading=\"lazy\" decoding=\"async\" width=\"230\" height=\"192\" src=\"https:\/\/hundegarten.laserprojects.de\/wp-content\/uploads\/2024\/05\/logo_kehl.jpg\" alt=\"\" class=\"wp-image-73\" style=\"width:164px;height:auto\"\/><\/figure>\n<\/div>\n<\/div>\n","protected":false},"excerpt":{"rendered":"<p>EDS Fahrzeugtechnik GmbH Die Firma EDS Fahrzeugtechnik hat uns mit einer sehr gro\u00dfz\u00fcgigen Spende f\u00fcr den Hundegarten Fr\u00f6ndenberg bedacht. Wir bedanken uns ganz herzlich daf\u00fcr. SPD Fr\u00f6ndenberg Die SPD Fr\u00f6ndenberg hat uns eine Spende f\u00fcr den Hundegarten Fr\u00f6ndenberg zukommen lassen. Wir bedanken uns ganz herzlich. B\u00fcndnis 90\/Die Gr\u00fcnen Fr\u00f6ndenberg Von der Fraktion B\u00fcndnis 90 Die [&hellip;]<\/p>\n","protected":false},"author":1,"featured_media":0,"parent":0,"menu_order":90,"comment_status":"closed","ping_status":"closed","template":"","meta":{"footnotes":""},"class_list":["post-25","page","type-page","status-publish","hentry"],"_links":{"self":[{"href":"https:\/\/unser-hundegarten.de\/index.php?rest_route=\/wp\/v2\/pages\/25","targetHints":{"allow":["GET"]}}],"collection":[{"href":"https:\/\/unser-hundegarten.de\/index.php?rest_route=\/wp\/v2\/pages"}],"about":[{"href":"https:\/\/unser-hundegarten.de\/index.php?rest_route=\/wp\/v2\/types\/page"}],"author":[{"embeddable":true,"href":"https:\/\/unser-hundegarten.de\/index.php?rest_route=\/wp\/v2\/users\/1"}],"replies":[{"embeddable":true,"href":"https:\/\/unser-hundegarten.de\/index.php?rest_route=%2Fwp%2Fv2%2Fcomments&post=25"}],"version-history":[{"count":3,"href":"https:\/\/unser-hundegarten.de\/index.php?rest_route=\/wp\/v2\/pages\/25\/revisions"}],"predecessor-version":[{"id":83,"href":"https:\/\/unser-hundegarten.de\/index.php?rest_route=\/wp\/v2\/pages\/25\/revisions\/83"}],"wp:attachment":[{"href":"https:\/\/unser-hundegarten.de\/index.php?rest_route=%2Fwp%2Fv2%2Fmedia&parent=25"}],"curies":[{"name":"wp","href":"https:\/\/api.w.org\/{rel}","templated":true}]}}