{"id":27,"date":"2024-05-08T12:58:04","date_gmt":"2024-05-08T12:58:04","guid":{"rendered":"https:\/\/hundegarten.laserprojects.de\/?page_id=27"},"modified":"2025-03-29T23:18:45","modified_gmt":"2025-03-29T21:18:45","slug":"berichte-und-protokolle","status":"publish","type":"page","link":"https:\/\/unser-hundegarten.de\/?page_id=27","title":{"rendered":"Mitgliederversammlung 2023"},"content":{"rendered":"\n\n\n<ul class=\"wp-block-latest-posts__list wp-block-latest-posts\"><li><a class=\"wp-block-latest-posts__post-title\" href=\"https:\/\/unser-hundegarten.de\/?p=49\">Mitgliederversammlung 2025<\/a><div class=\"wp-block-latest-posts__post-excerpt\">Einladung zur ordentlichen Mitgliederversammlung Der Vorstand l\u00e4dt zur ordentlichen Mitgliederversammlung ein. Die Versammlung findet statt am Sonntag, 16.03.2025 um 17:00 Uhr Im B\u00fcrgersaal des Rathauses Holzwickede Allee 5, 59439 Holzwickede In diesem Jahr sind die Neuwahl des Vorstands und eines Kassenpr\u00fcfers &nbsp;&nbsp;durchzuf\u00fchren. Wir planen im Zuge dieser Wahlen die satzungsgem\u00e4\u00dfe Erweiterung des Vorstandes um zwei\u2026\u00a0<a class=\"wp-block-latest-posts__read-more\" href=\"https:\/\/unser-hundegarten.de\/?p=49\" rel=\"noopener noreferrer\"><span class=\"screen-reader-text\">Mitgliederversammlung 2025 <\/span>weiterlesen<\/a><\/div><\/li>\n<li><a class=\"wp-block-latest-posts__post-title\" href=\"https:\/\/unser-hundegarten.de\/?p=39\">Mitgiederversammlung 2023<\/a><div class=\"wp-block-latest-posts__post-excerpt\">Einladung zur ordentlichen Mitgliederversammlung Der Vorstand l\u00e4dt zur ordentlichen Mitgliederversammlung ein. Die Versammlungfindet statt am Samstag, 25.02.2023 um 16:00 UhrIm Saal des Tennisclub \u201eTus Elch\u201cFriedrich-Ebert-Str. 6, 59439 Holzwickede Da in diesem Jahr die Neuwahlen des Vorstandes durchzuf\u00fchren sind, bitten wir um m\u00f6glichst zahlreiches Erscheinen unserer Mitglieder.Kandidatenvorschl\u00e4ge f\u00fcr die zu w\u00e4hlenden Positionen des Vorstandes und des\u2026\u00a0<a class=\"wp-block-latest-posts__read-more\" href=\"https:\/\/unser-hundegarten.de\/?p=39\" rel=\"noopener noreferrer\"><span class=\"screen-reader-text\">Mitgiederversammlung 2023 <\/span>weiterlesen<\/a><\/div><\/li>\n<\/ul>","protected":false},"excerpt":{"rendered":"","protected":false},"author":1,"featured_media":0,"parent":0,"menu_order":110,"comment_status":"closed","ping_status":"closed","template":"","meta":{"footnotes":""},"class_list":["post-27","page","type-page","status-publish","hentry"],"_links":{"self":[{"href":"https:\/\/unser-hundegarten.de\/index.php?rest_route=\/wp\/v2\/pages\/27","targetHints":{"allow":["GET"]}}],"collection":[{"href":"https:\/\/unser-hundegarten.de\/index.php?rest_route=\/wp\/v2\/pages"}],"about":[{"href":"https:\/\/unser-hundegarten.de\/index.php?rest_route=\/wp\/v2\/types\/page"}],"author":[{"embeddable":true,"href":"https:\/\/unser-hundegarten.de\/index.php?rest_route=\/wp\/v2\/users\/1"}],"replies":[{"embeddable":true,"href":"https:\/\/unser-hundegarten.de\/index.php?rest_route=%2Fwp%2Fv2%2Fcomments&post=27"}],"version-history":[{"count":7,"href":"https:\/\/unser-hundegarten.de\/index.php?rest_route=\/wp\/v2\/pages\/27\/revisions"}],"predecessor-version":[{"id":427,"href":"https:\/\/unser-hundegarten.de\/index.php?rest_route=\/wp\/v2\/pages\/27\/revisions\/427"}],"wp:attachment":[{"href":"https:\/\/unser-hundegarten.de\/index.php?rest_route=%2Fwp%2Fv2%2Fmedia&parent=27"}],"curies":[{"name":"wp","href":"https:\/\/api.w.org\/{rel}","templated":true}]}}